{"id":10194,"date":"2023-10-02T09:30:22","date_gmt":"2023-10-02T07:30:22","guid":{"rendered":"https:\/\/alfatec.com\/produkt\/up070-0780\/"},"modified":"2025-08-18T15:05:50","modified_gmt":"2025-08-18T13:05:50","slug":"up070-0780","status":"publish","type":"product","link":"https:\/\/alfatec.com\/en\/products\/guide-profiles\/u-profile-stainless-steel\/up070-0780\/","title":{"rendered":"UP070.0780"},"content":{"rendered":"","protected":false},"excerpt":{"rendered":"<h2 class=\"content--title product-description--title\">UP070.0780 Stainless steel guide profiles<\/h2>\n<div class=\"product--description\">\n<p>The guide profile made of material 1.4301 is our U-guide profile in stainless steel. It is ideal for applications that require high chemical resistance to alcohol, salts, fats and certain acids and alkalis in diluted concentrations. Es ist in einer L\u00e4nge bis zu 6 m erh\u00e4ltlich und erm\u00f6glicht die Rollenf\u00fchrung auf einer Seite.<\/p>\n<p>The stainless steel guide profile UP070.0780 at a glance:<\/p>\n<ul>\n<li>High chemical resistance<\/li>\n<li>stainless<\/li>\n<li>Very suitable for welding<\/li>\n<li>Individual processing according to specifications<\/li>\n<li>Other materials on request<\/li>\n<\/ul>\n<p>ALFATEC also offers the stainless steel guide profile in various sizes. <a href=\"\/fuehrungsrollen-fuehrungsprofile\/fuehrungsprofile\/edelstahlfuehrungsprofile\/\"><br \/>\n<strong>sizes<\/strong><br \/>\n<\/a> sizes.<\/p>\n<\/div>\n<p>&#8230;<\/p>\n<p class=\"text-end\"><a class=\"btn btn-outline-secondary picostrap-read-more-link mt-3\" href=\"https:\/\/alfatec.com\/en\/products\/guide-profiles\/u-profile-stainless-steel\/up070-0780\/\">Read More&#8230;<\/a><\/p>\n","protected":false},"featured_media":15354,"template":"","meta":{"_acf_changed":false},"product_cat":[198],"product_tag":[],"class_list":{"0":"post-10194","1":"product","2":"type-product","3":"status-publish","4":"has-post-thumbnail","6":"product_cat-u-profile-stainless-steel","8":"first","9":"instock","10":"shipping-taxable","11":"purchasable","12":"product-type-fuehrungsprofil"},"acf":[],"_links":{"self":[{"href":"https:\/\/alfatec.com\/en\/wp-json\/wp\/v2\/product\/10194","targetHints":{"allow":["GET"]}}],"collection":[{"href":"https:\/\/alfatec.com\/en\/wp-json\/wp\/v2\/product"}],"about":[{"href":"https:\/\/alfatec.com\/en\/wp-json\/wp\/v2\/types\/product"}],"wp:featuredmedia":[{"embeddable":true,"href":"https:\/\/alfatec.com\/en\/wp-json\/wp\/v2\/media\/15354"}],"wp:attachment":[{"href":"https:\/\/alfatec.com\/en\/wp-json\/wp\/v2\/media?parent=10194"}],"wp:term":[{"taxonomy":"product_cat","embeddable":true,"href":"https:\/\/alfatec.com\/en\/wp-json\/wp\/v2\/product_cat?post=10194"},{"taxonomy":"product_tag","embeddable":true,"href":"https:\/\/alfatec.com\/en\/wp-json\/wp\/v2\/product_tag?post=10194"}],"curies":[{"name":"wp","href":"https:\/\/api.w.org\/{rel}","templated":true}]}}