{"id":7844,"date":"2023-09-13T11:05:39","date_gmt":"2023-09-13T11:05:39","guid":{"rendered":"https:\/\/alfatec.com\/produkt\/pt150-0362\/"},"modified":"2023-09-13T11:05:39","modified_gmt":"2023-09-13T11:05:39","slug":"pt150-0362","status":"publish","type":"product","link":"https:\/\/alfatec.com\/en\/products\/guide-bearings\/precision-bearings\/pt-adjustable-oilamide\/pt150-0362\/","title":{"rendered":"PT150.0362"},"content":{"rendered":"","protected":false},"excerpt":{"rendered":"<h2 class=\"content--title product-description--title\">PT150.0362\u00a0\u00a0Pr\u00e4zisionstigerrollen justierbar &#8211; Gleitst\u00fcck einstellbar \u00fcber Distanzringe<\/h2>\n<div class=\"product--description\">\n<p>Die ALFATEC Pr\u00e4zisions-Tigerrolle im Durchmesser 153,8 mm, hat ein justierbares Gleitst\u00fcck. Die axiale F\u00fchrung erfolgt \u00fcber ein Oilamidgleitst\u00fcck. Zum Einstellen des Axialspiels werden Distanzringe verwendet. Mittels gefr\u00e4ster F\u00fchrungsprofile und engeren Toleranzen wird eine pr\u00e4zise und gleichzeitig robuste F\u00fchrung der Rolle gew\u00e4hrleistet. Durch ihre kombinierte Ausf\u00fchrung mit einer Radial- sowie Axialf\u00fchrung ben\u00f6tigt die Pr\u00e4zisions-Tigerrolle kaum Bauraum und \u00fcberzeugt durch ihre Robustheit sowie die hohe Traglast bis hin zu radial 51,94 kN und axial bis zu 17,40 kN.<\/p>\n<p>Die Pr\u00e4zisions-Tigerrolle PT150.0362 auf einen Blick:<\/p>\n<ul>\n<li>pr\u00e4zise F\u00fchrung<\/li>\n<li>Axialspiel einstellbar \u00fcber Distanzringe<\/li>\n<li>einfache Montage<\/li>\n<li>hoch belastbar im Stillstand in axialer Richtung<\/li>\n<\/ul>\n<p>Zus\u00e4tzlich zu jeder Pr\u00e4zisions-Tigerrolle wird ein F\u00fchrungsprofil ben\u00f6tigt. Das passende F\u00fchrungsprofil ist\u00a0<a href=\"\/praezisionsfuehrungsprofile-up150.0760?number=UP150.0760\">UP150.0760<\/a>.<\/p>\n<p>Sie ist optional mit einem verschwei\u00dften Befestigungselement erh\u00e4ltlich, welches die einfache Montage durch Anschrauben erm\u00f6glicht. Unter anderem in der Ausf\u00fchrung\u00a0<a href=\"\/praezisionstigerrollen-justierbar-gleitstueck-einstellbar-ueber-distanzringe-mit-befestigungselement-pt150.0362bq1000?number=PT150.0362BQ1000\">PT150.0362BQ1000<\/a>.<\/p>\n<p>Das einfache Justieren der axialen F\u00fchrungsrolle gelingt optimal mit unseren Distanzringen\u00a0<a href=\"\/distanzring-dr150.0905?number=DR150.0905\">DR150.0905<\/a>\u00a0und\u00a0<a href=\"\/distanzring-dr150.0910?number=DR150.0910\">DR150.0910<\/a>.<\/p>\n<p>Zudem bietet ALFATEC die Pr\u00e4zisions-Tigerrolle in unterschiedlichen\u00a0<a href=\"\/fuehrungsrollen-fuehrungsprofile\/fuehrungsrollen\/praezisionsrollen\/mit-oilamidgleitstueck\/\"><strong>Baugr\u00f6\u00dfen<\/strong><\/a>\u00a0f\u00fcr niedrige und hohe Traglasten an.<\/p>\n<p>Die Pr\u00e4zisions-Tigerrolle ist in unterschiedlichen Varianten wie mit\u00a0<a href=\"\/fuehrungsrollen-fuehrungsprofile\/fuehrungsrollen\/praezisionsrollen\/justierbar\/\"><strong>justierbarer Axialrolle<\/strong><\/a>\u00a0oder mit\u00a0<a href=\"\/fuehrungsrollen-fuehrungsprofile\/fuehrungsrollen\/praezisionsrollen\/justierbar-mit-exzenter\/\"><strong>justierbarem Exzenter<\/strong><\/a>\u00a0und in vielen weiteren Baureihen erh\u00e4ltlich.<\/p>\n<\/div>\n<p>&#8230;<\/p>\n<p class=\"text-end\"><a class=\"btn btn-outline-secondary picostrap-read-more-link mt-3\" href=\"https:\/\/alfatec.com\/en\/products\/guide-bearings\/precision-bearings\/pt-adjustable-oilamide\/pt150-0362\/\">Read More&#8230;<\/a><\/p>\n","protected":false},"featured_media":5938,"template":"","meta":{"_acf_changed":false},"product_cat":[221],"product_tag":[],"class_list":{"0":"post-7844","1":"product","2":"type-product","3":"status-publish","4":"has-post-thumbnail","6":"product_cat-pt-adjustable-oilamide","8":"first","9":"instock","10":"shipping-taxable","11":"purchasable","12":"product-type-fuehrungsrolle"},"acf":[],"_links":{"self":[{"href":"https:\/\/alfatec.com\/en\/wp-json\/wp\/v2\/product\/7844","targetHints":{"allow":["GET"]}}],"collection":[{"href":"https:\/\/alfatec.com\/en\/wp-json\/wp\/v2\/product"}],"about":[{"href":"https:\/\/alfatec.com\/en\/wp-json\/wp\/v2\/types\/product"}],"wp:featuredmedia":[{"embeddable":true,"href":"https:\/\/alfatec.com\/en\/wp-json\/wp\/v2\/media\/5938"}],"wp:attachment":[{"href":"https:\/\/alfatec.com\/en\/wp-json\/wp\/v2\/media?parent=7844"}],"wp:term":[{"taxonomy":"product_cat","embeddable":true,"href":"https:\/\/alfatec.com\/en\/wp-json\/wp\/v2\/product_cat?post=7844"},{"taxonomy":"product_tag","embeddable":true,"href":"https:\/\/alfatec.com\/en\/wp-json\/wp\/v2\/product_tag?post=7844"}],"curies":[{"name":"wp","href":"https:\/\/api.w.org\/{rel}","templated":true}]}}